{"id":2,"date":"2026-04-24T19:59:19","date_gmt":"2026-04-24T19:59:19","guid":{"rendered":"https:\/\/www.ruhbudur.com\/?page_id=2"},"modified":"2026-04-24T19:59:19","modified_gmt":"2026-04-24T19:59:19","slug":"anasayfa","status":"publish","type":"page","link":"https:\/\/www.ruhbudur.com\/","title":{"rendered":"Ana Sayfa"},"content":{"rendered":"\n<div class=\"wp-block-group has-black-background-color has-background is-layout-flow wp-block-group-is-layout-flow\" style=\"padding-top:60px;padding-bottom:60px\">\n\n<p class=\"has-text-align-center\" style=\"font-size:2em;padding-top:20px;padding-bottom:20px\">Ruh Budur&#8217;a Ho\u00c5\u0178 Geldiniz<\/p>\n\n\n\n<p class=\"has-text-align-center has-text-color\" style=\"color:#8b949e;font-size:1.2em\">Bu site; ruhsal geli\u00c5\u0178im, fark\u00c4\u00b1ndal\u00c4\u00b1k ve i\u00c3\u00a7sel yolculuk \u00c3\u00bczerine derinlemesine i\u00c3\u00a7erikler sunar.<\/p>\n\n\n\n<p class=\"has-text-align-center has-text-color\" style=\"color:#58a6ff;font-size:1em\">Yak\u00c4\u00b1nda yeni i\u00c3\u00a7eriklerle kar\u00c5\u0178\u00c4\u00b1n\u00c4\u00b1zda olaca\u00c4\u0178\u00c4\u00b1z.<\/p>\n\n<\/div>\n","protected":false},"excerpt":{"rendered":"<p>Ruh Budur&#8217;a Ho\u00c5\u0178 Geldiniz Bu site; ruhsal geli\u00c5\u0178im, fark\u00c4\u00b1ndal\u00c4\u00b1k ve i\u00c3\u00a7sel yolculuk \u00c3\u00bczerine derinlemesine i\u00c3\u00a7erikler sunar. Yak\u00c4\u00b1nda yeni i\u00c3\u00a7eriklerle kar\u00c5\u0178\u00c4\u00b1n\u00c4\u00b1zda olaca\u00c4\u0178\u00c4\u00b1z.<\/p>\n","protected":false},"author":1,"featured_media":0,"parent":0,"menu_order":0,"comment_status":"closed","ping_status":"closed","template":"","meta":{"footnotes":""},"class_list":["post-2","page","type-page","status-publish","hentry"],"_links":{"self":[{"href":"https:\/\/www.ruhbudur.com\/index.php?rest_route=\/wp\/v2\/pages\/2","targetHints":{"allow":["GET"]}}],"collection":[{"href":"https:\/\/www.ruhbudur.com\/index.php?rest_route=\/wp\/v2\/pages"}],"about":[{"href":"https:\/\/www.ruhbudur.com\/index.php?rest_route=\/wp\/v2\/types\/page"}],"author":[{"embeddable":true,"href":"https:\/\/www.ruhbudur.com\/index.php?rest_route=\/wp\/v2\/users\/1"}],"replies":[{"embeddable":true,"href":"https:\/\/www.ruhbudur.com\/index.php?rest_route=%2Fwp%2Fv2%2Fcomments&post=2"}],"version-history":[{"count":0,"href":"https:\/\/www.ruhbudur.com\/index.php?rest_route=\/wp\/v2\/pages\/2\/revisions"}],"wp:attachment":[{"href":"https:\/\/www.ruhbudur.com\/index.php?rest_route=%2Fwp%2Fv2%2Fmedia&parent=2"}],"curies":[{"name":"wp","href":"https:\/\/api.w.org\/{rel}","templated":true}]}}